{"id":1687,"date":"2023-06-18T18:55:15","date_gmt":"2023-06-18T18:55:15","guid":{"rendered":"https:\/\/lusago.com\/solucoes-lusago\/"},"modified":"2024-08-09T08:33:30","modified_gmt":"2024-08-09T08:33:30","slug":"solucoes-lusago","status":"publish","type":"page","link":"https:\/\/lusago.com\/pt-pt\/solucoes-lusago\/","title":{"rendered":"Solu\u00e7\u00f5es Lusago"},"content":{"rendered":"\n\n\t<p>SOLUCIONES LUSAGO<\/p>\n<h1>Soluciones<br \/>\nelectrom\u00e9dicas r\u00e1pidas,<br \/>\nefectivas y seguras.<\/h1>\nAl ser Lusago una empresa de ingenier\u00eda m\u00e9dica,<br \/>\npodemos ofrecer soluciones altamente especializadas:\n\t<h2>Soluciones<\/h2>\n<div class=\"wm-posts wm-posts-wrap clearfix wm-posts-wm_projects wm-posts-layout-default posts\"><div class=\"wm-posts-container wm-items-container with-margin\" data-columns=\"4\" data-time=\"0\" data-layout-mode=\"masonry\"><div class=\"wm-row with-margin\">\r\n<div class=\"wm-posts-item wm-posts-item-1739 wm-column width-1-4 with-margin has-thumbnail\">\r\n\r\n\t\r\n\r\n<article id=\"post-1739\" class=\"post-1739 wm_projects type-wm_projects status-publish has-post-thumbnail hentry project_tag-construtor-de-paginas project_tag-nao-ha-imagem-de-introducao project_tag-sem-introducao entry\">\r\n\r\n\t<div class=\"entry-media\"><figure class=\"post-thumbnail\"><a href=\"https:\/\/lusago.com\/pt-pt\/soluciones\/assistencia-tecnica-em-equipamentos-electromedicos\/\"><img loading=\"lazy\" decoding=\"async\" width=\"400\" height=\"700\" src=\"https:\/\/lusago.com\/wp-content\/uploads\/2023\/06\/lusago-cabecera-400x700-home-destacado-nueva.jpg\" class=\"attachment-1536x1536 size-1536x1536 wp-post-image\" alt=\"\" \/><\/a><\/figure><\/div><div class=\"entry-summary-container\" style=\"background-image: url('https:\/\/lusago.com\/wp-content\/uploads\/2023\/06\/lusago-cabecera-400x700-home-destacado-nueva.jpg');\"><header class=\"entry-header\"><h3 class=\"entry-title\"><a href=\"https:\/\/lusago.com\/pt-pt\/soluciones\/assistencia-tecnica-em-equipamentos-electromedicos\/\" rel=\"bookmark\">Assist\u00eancia t\u00e9cnica em equipamentos electrom\u00e9dicos<\/a><\/h3><\/header>\r\n\t<div class=\"entry-content\"><\/div>\r\n\r\n\t<\/div>\r\n<\/article>\r\n\r\n\r\n<\/div>\r\n\r\n<div class=\"wm-posts-item wm-posts-item-1741 wm-column width-1-4 with-margin alt has-thumbnail\">\r\n\r\n\t\r\n\r\n<article id=\"post-1741\" class=\"post-1741 wm_projects type-wm_projects status-publish has-post-thumbnail hentry project_tag-construtor-de-paginas project_tag-nao-ha-imagem-de-introducao project_tag-sem-introducao entry\">\r\n\r\n\t<div class=\"entry-media\"><figure class=\"post-thumbnail\"><a href=\"https:\/\/lusago.com\/pt-pt\/soluciones\/consumiveis-de-equipamento\/\"><img loading=\"lazy\" decoding=\"async\" width=\"800\" height=\"1400\" src=\"https:\/\/lusago.com\/wp-content\/uploads\/2023\/06\/Lusago-Destacada-Soluciones-Fungibles-de-equipos-V.jpg\" class=\"attachment-1536x1536 size-1536x1536 wp-post-image\" alt=\"\" srcset=\"https:\/\/lusago.com\/wp-content\/uploads\/2023\/06\/Lusago-Destacada-Soluciones-Fungibles-de-equipos-V.jpg 800w, https:\/\/lusago.com\/wp-content\/uploads\/2023\/06\/Lusago-Destacada-Soluciones-Fungibles-de-equipos-V-744x1302.jpg 744w\" sizes=\"auto, (max-width: 800px) 100vw, 800px\" \/><\/a><\/figure><\/div><div class=\"entry-summary-container\" style=\"background-image: url('https:\/\/lusago.com\/wp-content\/uploads\/2023\/06\/Lusago-Destacada-Soluciones-Fungibles-de-equipos-V.jpg');\"><header class=\"entry-header\"><h3 class=\"entry-title\"><a href=\"https:\/\/lusago.com\/pt-pt\/soluciones\/consumiveis-de-equipamento\/\" rel=\"bookmark\">Consum\u00edveis de equipamento<\/a><\/h3><\/header>\r\n\t<div class=\"entry-content\"><\/div>\r\n\r\n\t<\/div>\r\n<\/article>\r\n\r\n\r\n<\/div>\r\n\r\n<div class=\"wm-posts-item wm-posts-item-1743 wm-column width-1-4 with-margin has-thumbnail\">\r\n\r\n\t\r\n\r\n<article id=\"post-1743\" class=\"post-1743 wm_projects type-wm_projects status-publish has-post-thumbnail hentry project_tag-construtor-de-paginas project_tag-nao-ha-imagem-de-introducao project_tag-sem-introducao entry\">\r\n\r\n\t<div class=\"entry-media\"><figure class=\"post-thumbnail\"><a href=\"https:\/\/lusago.com\/pt-pt\/soluciones\/monitores-maltron\/\"><img loading=\"lazy\" decoding=\"async\" width=\"800\" height=\"1400\" src=\"https:\/\/lusago.com\/wp-content\/uploads\/2023\/06\/Lusago-Destacada-Soluciones-Monitores-Maltron-V.jpg\" class=\"attachment-1536x1536 size-1536x1536 wp-post-image\" alt=\"\" srcset=\"https:\/\/lusago.com\/wp-content\/uploads\/2023\/06\/Lusago-Destacada-Soluciones-Monitores-Maltron-V.jpg 800w, https:\/\/lusago.com\/wp-content\/uploads\/2023\/06\/Lusago-Destacada-Soluciones-Monitores-Maltron-V-744x1302.jpg 744w\" sizes=\"auto, (max-width: 800px) 100vw, 800px\" \/><\/a><\/figure><\/div><div class=\"entry-summary-container\" style=\"background-image: url('https:\/\/lusago.com\/wp-content\/uploads\/2023\/06\/Lusago-Destacada-Soluciones-Monitores-Maltron-V.jpg');\"><header class=\"entry-header\"><h3 class=\"entry-title\"><a href=\"https:\/\/lusago.com\/pt-pt\/soluciones\/monitores-maltron\/\" rel=\"bookmark\">Monitores Maltron<\/a><\/h3><\/header>\r\n\t<div class=\"entry-content\"><\/div>\r\n\r\n\t<\/div>\r\n<\/article>\r\n\r\n\r\n<\/div>\r\n\r\n<div class=\"wm-posts-item wm-posts-item-1746 wm-column width-1-4 with-margin alt last has-thumbnail\">\r\n\r\n\t\r\n\r\n<article id=\"post-1746\" class=\"post-1746 wm_projects type-wm_projects status-publish has-post-thumbnail hentry project_tag-construtor-de-paginas project_tag-nao-ha-imagem-de-introducao project_tag-sem-introducao entry\">\r\n\r\n\t<div class=\"entry-media\"><figure class=\"post-thumbnail\"><a href=\"https:\/\/lusago.com\/pt-pt\/soluciones\/solucoes-hospitalares-inteligentes\/\"><img loading=\"lazy\" decoding=\"async\" width=\"800\" height=\"1400\" src=\"https:\/\/lusago.com\/wp-content\/uploads\/2023\/06\/Lusago-Destacada-Soluciones-Smart-Hospital-V.jpg\" class=\"attachment-1536x1536 size-1536x1536 wp-post-image\" alt=\"\" srcset=\"https:\/\/lusago.com\/wp-content\/uploads\/2023\/06\/Lusago-Destacada-Soluciones-Smart-Hospital-V.jpg 800w, https:\/\/lusago.com\/wp-content\/uploads\/2023\/06\/Lusago-Destacada-Soluciones-Smart-Hospital-V-744x1302.jpg 744w\" sizes=\"auto, (max-width: 800px) 100vw, 800px\" \/><\/a><\/figure><\/div><div class=\"entry-summary-container\" style=\"background-image: url('https:\/\/lusago.com\/wp-content\/uploads\/2023\/06\/Lusago-Destacada-Soluciones-Smart-Hospital-V.jpg');\"><header class=\"entry-header\"><h3 class=\"entry-title\"><a href=\"https:\/\/lusago.com\/pt-pt\/soluciones\/solucoes-hospitalares-inteligentes\/\" rel=\"bookmark\">Solu\u00e7\u00f5es hospitalares inteligentes<\/a><\/h3><\/header>\r\n\t<div class=\"entry-content\"><\/div>\r\n\r\n\t<\/div>\r\n<\/article>\r\n\r\n\r\n<\/div>\r\n<\/div><\/div><\/div>\n","protected":false},"excerpt":{"rendered":"","protected":false},"author":1,"featured_media":0,"parent":0,"menu_order":0,"comment_status":"closed","ping_status":"closed","template":"templates\/no-intro.php","meta":{"_acf_changed":false,"_monsterinsights_skip_tracking":false,"_monsterinsights_sitenote_active":false,"_monsterinsights_sitenote_note":"","_monsterinsights_sitenote_category":0,"footnotes":""},"class_list":["post-1687","page","type-page","status-publish","hentry","entry"],"acf":[],"yoast_head":"<!-- This site is optimized with the Yoast SEO plugin v26.6 - https:\/\/yoast.com\/wordpress\/plugins\/seo\/ -->\n<title>Solu\u00e7\u00f5es Lusago - Lusago<\/title>\n<meta name=\"robots\" content=\"index, follow, max-snippet:-1, max-image-preview:large, max-video-preview:-1\" \/>\n<link rel=\"canonical\" href=\"https:\/\/lusago.com\/soluciones-lusago\/\" \/>\n<meta property=\"og:locale\" content=\"pt_PT\" \/>\n<meta property=\"og:type\" content=\"article\" \/>\n<meta property=\"og:title\" content=\"Solu\u00e7\u00f5es Lusago - Lusago\" \/>\n<meta property=\"og:description\" content=\"A page builder homepage layout ideal to present your personal or business projects portfolio.\" \/>\n<meta property=\"og:url\" content=\"https:\/\/lusago.com\/soluciones-lusago\/\" \/>\n<meta property=\"og:site_name\" content=\"Lusago\" \/>\n<meta property=\"article:modified_time\" content=\"2024-08-09T08:33:30+00:00\" \/>\n<meta name=\"twitter:card\" content=\"summary_large_image\" \/>\n<script type=\"application\/ld+json\" class=\"yoast-schema-graph\">{\"@context\":\"https:\/\/schema.org\",\"@graph\":[{\"@type\":\"WebPage\",\"@id\":\"https:\/\/lusago.com\/soluciones-lusago\/\",\"url\":\"https:\/\/lusago.com\/soluciones-lusago\/\",\"name\":\"Solu\u00e7\u00f5es Lusago - Lusago\",\"isPartOf\":{\"@id\":\"https:\/\/lusago.com\/#website\"},\"datePublished\":\"2023-06-18T18:55:15+00:00\",\"dateModified\":\"2024-08-09T08:33:30+00:00\",\"breadcrumb\":{\"@id\":\"https:\/\/lusago.com\/soluciones-lusago\/#breadcrumb\"},\"inLanguage\":\"pt-PT\",\"potentialAction\":[{\"@type\":\"ReadAction\",\"target\":[\"https:\/\/lusago.com\/soluciones-lusago\/\"]}]},{\"@type\":\"BreadcrumbList\",\"@id\":\"https:\/\/lusago.com\/soluciones-lusago\/#breadcrumb\",\"itemListElement\":[{\"@type\":\"ListItem\",\"position\":1,\"name\":\"Portada\",\"item\":\"https:\/\/lusago.com\/\"},{\"@type\":\"ListItem\",\"position\":2,\"name\":\"Solu\u00e7\u00f5es Lusago\"}]},{\"@type\":\"WebSite\",\"@id\":\"https:\/\/lusago.com\/#website\",\"url\":\"https:\/\/lusago.com\/\",\"name\":\"Lusago\",\"description\":\"Soluciones Electrom\u00e9dicas\",\"publisher\":{\"@id\":\"https:\/\/lusago.com\/#organization\"},\"potentialAction\":[{\"@type\":\"SearchAction\",\"target\":{\"@type\":\"EntryPoint\",\"urlTemplate\":\"https:\/\/lusago.com\/?s={search_term_string}\"},\"query-input\":{\"@type\":\"PropertyValueSpecification\",\"valueRequired\":true,\"valueName\":\"search_term_string\"}}],\"inLanguage\":\"pt-PT\"},{\"@type\":\"Organization\",\"@id\":\"https:\/\/lusago.com\/#organization\",\"name\":\"Lusago\",\"url\":\"https:\/\/lusago.com\/\",\"logo\":{\"@type\":\"ImageObject\",\"inLanguage\":\"pt-PT\",\"@id\":\"https:\/\/lusago.com\/#\/schema\/logo\/image\/\",\"url\":\"https:\/\/lusago.com\/wp-content\/uploads\/2023\/06\/logo-lusago-verde.png\",\"contentUrl\":\"https:\/\/lusago.com\/wp-content\/uploads\/2023\/06\/logo-lusago-verde.png\",\"width\":502,\"height\":175,\"caption\":\"Lusago\"},\"image\":{\"@id\":\"https:\/\/lusago.com\/#\/schema\/logo\/image\/\"}}]}<\/script>\n<!-- \/ Yoast SEO plugin. -->","yoast_head_json":{"title":"Solu\u00e7\u00f5es Lusago - Lusago","robots":{"index":"index","follow":"follow","max-snippet":"max-snippet:-1","max-image-preview":"max-image-preview:large","max-video-preview":"max-video-preview:-1"},"canonical":"https:\/\/lusago.com\/soluciones-lusago\/","og_locale":"pt_PT","og_type":"article","og_title":"Solu\u00e7\u00f5es Lusago - Lusago","og_description":"A page builder homepage layout ideal to present your personal or business projects portfolio.","og_url":"https:\/\/lusago.com\/soluciones-lusago\/","og_site_name":"Lusago","article_modified_time":"2024-08-09T08:33:30+00:00","twitter_card":"summary_large_image","schema":{"@context":"https:\/\/schema.org","@graph":[{"@type":"WebPage","@id":"https:\/\/lusago.com\/soluciones-lusago\/","url":"https:\/\/lusago.com\/soluciones-lusago\/","name":"Solu\u00e7\u00f5es Lusago - Lusago","isPartOf":{"@id":"https:\/\/lusago.com\/#website"},"datePublished":"2023-06-18T18:55:15+00:00","dateModified":"2024-08-09T08:33:30+00:00","breadcrumb":{"@id":"https:\/\/lusago.com\/soluciones-lusago\/#breadcrumb"},"inLanguage":"pt-PT","potentialAction":[{"@type":"ReadAction","target":["https:\/\/lusago.com\/soluciones-lusago\/"]}]},{"@type":"BreadcrumbList","@id":"https:\/\/lusago.com\/soluciones-lusago\/#breadcrumb","itemListElement":[{"@type":"ListItem","position":1,"name":"Portada","item":"https:\/\/lusago.com\/"},{"@type":"ListItem","position":2,"name":"Solu\u00e7\u00f5es Lusago"}]},{"@type":"WebSite","@id":"https:\/\/lusago.com\/#website","url":"https:\/\/lusago.com\/","name":"Lusago","description":"Soluciones Electrom\u00e9dicas","publisher":{"@id":"https:\/\/lusago.com\/#organization"},"potentialAction":[{"@type":"SearchAction","target":{"@type":"EntryPoint","urlTemplate":"https:\/\/lusago.com\/?s={search_term_string}"},"query-input":{"@type":"PropertyValueSpecification","valueRequired":true,"valueName":"search_term_string"}}],"inLanguage":"pt-PT"},{"@type":"Organization","@id":"https:\/\/lusago.com\/#organization","name":"Lusago","url":"https:\/\/lusago.com\/","logo":{"@type":"ImageObject","inLanguage":"pt-PT","@id":"https:\/\/lusago.com\/#\/schema\/logo\/image\/","url":"https:\/\/lusago.com\/wp-content\/uploads\/2023\/06\/logo-lusago-verde.png","contentUrl":"https:\/\/lusago.com\/wp-content\/uploads\/2023\/06\/logo-lusago-verde.png","width":502,"height":175,"caption":"Lusago"},"image":{"@id":"https:\/\/lusago.com\/#\/schema\/logo\/image\/"}}]}},"_links":{"self":[{"href":"https:\/\/lusago.com\/pt-pt\/wp-json\/wp\/v2\/pages\/1687","targetHints":{"allow":["GET"]}}],"collection":[{"href":"https:\/\/lusago.com\/pt-pt\/wp-json\/wp\/v2\/pages"}],"about":[{"href":"https:\/\/lusago.com\/pt-pt\/wp-json\/wp\/v2\/types\/page"}],"author":[{"embeddable":true,"href":"https:\/\/lusago.com\/pt-pt\/wp-json\/wp\/v2\/users\/1"}],"replies":[{"embeddable":true,"href":"https:\/\/lusago.com\/pt-pt\/wp-json\/wp\/v2\/comments?post=1687"}],"version-history":[{"count":2,"href":"https:\/\/lusago.com\/pt-pt\/wp-json\/wp\/v2\/pages\/1687\/revisions"}],"predecessor-version":[{"id":1689,"href":"https:\/\/lusago.com\/pt-pt\/wp-json\/wp\/v2\/pages\/1687\/revisions\/1689"}],"wp:attachment":[{"href":"https:\/\/lusago.com\/pt-pt\/wp-json\/wp\/v2\/media?parent=1687"}],"curies":[{"name":"wp","href":"https:\/\/api.w.org\/{rel}","templated":true}]}}