{"id":1732,"date":"2023-06-18T17:17:49","date_gmt":"2023-06-18T17:17:49","guid":{"rendered":"https:\/\/lusago.com\/casa\/"},"modified":"2024-09-04T09:07:53","modified_gmt":"2024-09-04T09:07:53","slug":"casa","status":"publish","type":"page","link":"https:\/\/lusago.com\/pt-pt\/","title":{"rendered":"Casa"},"content":{"rendered":"\nSoluciones en Electromedicina\n<h2>Tecnolog\u00eda de precisi\u00f3n<br>\npara el sector sanitario<\/h2>\n<p>En Lusago ofrecemos un servicio integral a nuestros clientes de forma r\u00e1pida y efectiva. Fabricantes, hospitales, farmacias, laboratorios y cl\u00ednicas privadas necesitan nuestras soluciones tecnol\u00f3gicas para ofrecer el mejor servicio a sus pacientes.<\/p>\n\t\t\t\t<img loading=\"lazy\" decoding=\"async\" src=\"https:\/\/lusago.com\/wp-content\/uploads\/2023\/06\/logo-philips.png\" alt=\"Logo Philips\" itemprop=\"image\" height=\"600\" width=\"471\" title=\"Logo Philips\" onerror=\"this.style.display='none'\">\n<h2>\n\t\tExperiencia avalada\n\t<\/h2>\n\t<p>Desde 2014 colaborando con Philips Health Iberia.<\/p>\n\t<h2>Soluciones<\/h2>\n<div class=\"wm-posts wm-posts-wrap clearfix wm-posts-wm_projects wm-posts-layout-default posts\"><div class=\"wm-posts-container wm-items-container with-margin\" data-columns=\"4\" data-time=\"0\" data-layout-mode=\"masonry\"><div class=\"wm-row with-margin\">\r\n<div class=\"wm-posts-item wm-posts-item-1739 wm-column width-1-4 with-margin has-thumbnail\">\r\n\r\n\t\r\n\r\n<article id=\"post-1739\" class=\"post-1739 wm_projects type-wm_projects status-publish has-post-thumbnail hentry project_tag-construtor-de-paginas project_tag-nao-ha-imagem-de-introducao project_tag-sem-introducao entry\">\r\n\r\n\t<div class=\"entry-media\"><figure class=\"post-thumbnail\"><a href=\"https:\/\/lusago.com\/pt-pt\/soluciones\/assistencia-tecnica-em-equipamentos-electromedicos\/\"><img loading=\"lazy\" decoding=\"async\" width=\"400\" height=\"700\" src=\"https:\/\/lusago.com\/wp-content\/uploads\/2023\/06\/lusago-cabecera-400x700-home-destacado-nueva.jpg\" class=\"attachment-full size-full wp-post-image\" alt=\"\" \/><\/a><\/figure><\/div><div class=\"entry-summary-container\" style=\"background-image: url('https:\/\/lusago.com\/wp-content\/uploads\/2023\/06\/lusago-cabecera-400x700-home-destacado-nueva.jpg');\"><header class=\"entry-header\"><h3 class=\"entry-title\"><a href=\"https:\/\/lusago.com\/pt-pt\/soluciones\/assistencia-tecnica-em-equipamentos-electromedicos\/\" rel=\"bookmark\">Assist\u00eancia t\u00e9cnica em equipamentos electrom\u00e9dicos<\/a><\/h3><\/header>\r\n\t<div class=\"entry-content\"><\/div>\r\n\r\n\t<\/div>\r\n<\/article>\r\n\r\n\r\n<\/div>\r\n\r\n<div class=\"wm-posts-item wm-posts-item-1741 wm-column width-1-4 with-margin alt has-thumbnail\">\r\n\r\n\t\r\n\r\n<article id=\"post-1741\" class=\"post-1741 wm_projects type-wm_projects status-publish has-post-thumbnail hentry project_tag-construtor-de-paginas project_tag-nao-ha-imagem-de-introducao project_tag-sem-introducao entry\">\r\n\r\n\t<div class=\"entry-media\"><figure class=\"post-thumbnail\"><a href=\"https:\/\/lusago.com\/pt-pt\/soluciones\/consumiveis-de-equipamento\/\"><img loading=\"lazy\" decoding=\"async\" width=\"800\" height=\"1400\" src=\"https:\/\/lusago.com\/wp-content\/uploads\/2023\/06\/Lusago-Destacada-Soluciones-Fungibles-de-equipos-V.jpg\" class=\"attachment-full size-full wp-post-image\" alt=\"\" srcset=\"https:\/\/lusago.com\/wp-content\/uploads\/2023\/06\/Lusago-Destacada-Soluciones-Fungibles-de-equipos-V.jpg 800w, https:\/\/lusago.com\/wp-content\/uploads\/2023\/06\/Lusago-Destacada-Soluciones-Fungibles-de-equipos-V-744x1302.jpg 744w\" sizes=\"auto, (max-width: 800px) 100vw, 800px\" \/><\/a><\/figure><\/div><div class=\"entry-summary-container\" style=\"background-image: url('https:\/\/lusago.com\/wp-content\/uploads\/2023\/06\/Lusago-Destacada-Soluciones-Fungibles-de-equipos-V.jpg');\"><header class=\"entry-header\"><h3 class=\"entry-title\"><a href=\"https:\/\/lusago.com\/pt-pt\/soluciones\/consumiveis-de-equipamento\/\" rel=\"bookmark\">Consum\u00edveis de equipamento<\/a><\/h3><\/header>\r\n\t<div class=\"entry-content\"><\/div>\r\n\r\n\t<\/div>\r\n<\/article>\r\n\r\n\r\n<\/div>\r\n\r\n<div class=\"wm-posts-item wm-posts-item-1743 wm-column width-1-4 with-margin has-thumbnail\">\r\n\r\n\t\r\n\r\n<article id=\"post-1743\" class=\"post-1743 wm_projects type-wm_projects status-publish has-post-thumbnail hentry project_tag-construtor-de-paginas project_tag-nao-ha-imagem-de-introducao project_tag-sem-introducao entry\">\r\n\r\n\t<div class=\"entry-media\"><figure class=\"post-thumbnail\"><a href=\"https:\/\/lusago.com\/pt-pt\/soluciones\/monitores-maltron\/\"><img loading=\"lazy\" decoding=\"async\" width=\"800\" height=\"1400\" src=\"https:\/\/lusago.com\/wp-content\/uploads\/2023\/06\/Lusago-Destacada-Soluciones-Monitores-Maltron-V.jpg\" class=\"attachment-full size-full wp-post-image\" alt=\"\" srcset=\"https:\/\/lusago.com\/wp-content\/uploads\/2023\/06\/Lusago-Destacada-Soluciones-Monitores-Maltron-V.jpg 800w, https:\/\/lusago.com\/wp-content\/uploads\/2023\/06\/Lusago-Destacada-Soluciones-Monitores-Maltron-V-744x1302.jpg 744w\" sizes=\"auto, (max-width: 800px) 100vw, 800px\" \/><\/a><\/figure><\/div><div class=\"entry-summary-container\" style=\"background-image: url('https:\/\/lusago.com\/wp-content\/uploads\/2023\/06\/Lusago-Destacada-Soluciones-Monitores-Maltron-V.jpg');\"><header class=\"entry-header\"><h3 class=\"entry-title\"><a href=\"https:\/\/lusago.com\/pt-pt\/soluciones\/monitores-maltron\/\" rel=\"bookmark\">Monitores Maltron<\/a><\/h3><\/header>\r\n\t<div class=\"entry-content\"><\/div>\r\n\r\n\t<\/div>\r\n<\/article>\r\n\r\n\r\n<\/div>\r\n\r\n<div class=\"wm-posts-item wm-posts-item-1746 wm-column width-1-4 with-margin alt last has-thumbnail\">\r\n\r\n\t\r\n\r\n<article id=\"post-1746\" class=\"post-1746 wm_projects type-wm_projects status-publish has-post-thumbnail hentry project_tag-construtor-de-paginas project_tag-nao-ha-imagem-de-introducao project_tag-sem-introducao entry\">\r\n\r\n\t<div class=\"entry-media\"><figure class=\"post-thumbnail\"><a href=\"https:\/\/lusago.com\/pt-pt\/soluciones\/solucoes-hospitalares-inteligentes\/\"><img loading=\"lazy\" decoding=\"async\" width=\"800\" height=\"1400\" src=\"https:\/\/lusago.com\/wp-content\/uploads\/2023\/06\/Lusago-Destacada-Soluciones-Smart-Hospital-V.jpg\" class=\"attachment-full size-full wp-post-image\" alt=\"\" srcset=\"https:\/\/lusago.com\/wp-content\/uploads\/2023\/06\/Lusago-Destacada-Soluciones-Smart-Hospital-V.jpg 800w, https:\/\/lusago.com\/wp-content\/uploads\/2023\/06\/Lusago-Destacada-Soluciones-Smart-Hospital-V-744x1302.jpg 744w\" sizes=\"auto, (max-width: 800px) 100vw, 800px\" \/><\/a><\/figure><\/div><div class=\"entry-summary-container\" style=\"background-image: url('https:\/\/lusago.com\/wp-content\/uploads\/2023\/06\/Lusago-Destacada-Soluciones-Smart-Hospital-V.jpg');\"><header class=\"entry-header\"><h3 class=\"entry-title\"><a href=\"https:\/\/lusago.com\/pt-pt\/soluciones\/solucoes-hospitalares-inteligentes\/\" rel=\"bookmark\">Solu\u00e7\u00f5es hospitalares inteligentes<\/a><\/h3><\/header>\r\n\t<div class=\"entry-content\"><\/div>\r\n\r\n\t<\/div>\r\n<\/article>\r\n\r\n\r\n<\/div>\r\n<\/div><\/div><\/div>\n\t<p>&nbsp;&nbsp;<\/p>\n\tRespuestas a medida\nen m\u00e1s de <strong>300 centros sanitarios<\/strong> en Espa\u00f1a y Portugal.\n<h2>\n\t\tProyectos destacados\n\t<\/h2>\n\t\t\t\t<img loading=\"lazy\" decoding=\"async\" src=\"https:\/\/lusago.com\/wp-content\/uploads\/2023\/06\/proyectos-huca.jpg\" alt=\"Foto de la entrada urgencias del hospital HUCA\" itemprop=\"image\" height=\"500\" width=\"738\" title=\"Foto de la entrada urgencias del hospital HUCA\" onerror=\"this.style.display='none'\">\n\t<h3>Equipos de monitorizaci\u00f3n Philips del HUCA<\/h3>\n<p>En Lusago nos encargasmos del mantenimiento preventivo y correctivo de todos los equipos de monitorizaci\u00f3n Philips del HUCA (m\u00e1s de 700 equipos) durante 8 a\u00f1os.<\/p>\n\t\t\t\t<img loading=\"lazy\" decoding=\"async\" src=\"https:\/\/lusago.com\/wp-content\/uploads\/2023\/06\/proyectos-aparatos-monitor-v60.jpg\" alt=\"Proyectos Monitor V60\" itemprop=\"image\" height=\"500\" width=\"740\" title=\"proyectos-aparatos-monitor-v60\" onerror=\"this.style.display='none'\">\n\t<h3>Alerta sanitaria en monitores V60 Philips<\/h3>\n<p>1.200 equipos en hospitales de Espa\u00f1a y Portugal.<\/p>\n\t\t\t\t<img loading=\"lazy\" decoding=\"async\" src=\"https:\/\/lusago.com\/wp-content\/uploads\/2023\/06\/Ingenieros-de-soporte-para-equipos-IGT.jpg\" alt=\"un reparador masculino con guantes azules sostiene un disco duro\" itemprop=\"image\" height=\"1280\" width=\"1920\" title=\"un reparador masculino con guantes azules sostiene un disco duro\" onerror=\"this.style.display='none'\">\n\t<h3>Ingenieros de soporte para equipos IGT de Philips<\/h3>\n<p>En hospitales como: Hospital 12 de Octubre, Hospital Ram\u00f3n y Cajal, Hospital Puerta del Hierro, Hospital de Bellvitge, Hospital de Girona Josep Trueta, Hospital de GC Doctor Negrin, Hospital Nuestra Se\u00f1ora Candelaria.<\/p>\n\t\t\t\t<img loading=\"lazy\" decoding=\"async\" src=\"https:\/\/lusago.com\/wp-content\/uploads\/2023\/06\/proyectos-aparatos-monitor-v30-easyVue.jpg\" alt=\"Proyectos monitor v30 easyVue\" itemprop=\"image\" height=\"500\" width=\"740\" title=\"proyectos-aparatos-monitor-v30-easyVue\" onerror=\"this.style.display='none'\">\n\t<h3>Alerta sanitaria en Monitores VS Philips<\/h3>\n\t\t\t\t<img loading=\"lazy\" decoding=\"async\" src=\"https:\/\/lusago.com\/wp-content\/uploads\/2023\/06\/proyectos-aparatos-Electrocardiografo-Page-Writer-Philips.jpg\" alt=\"Proyectos Electrocardiografo Page Writer Philips\" itemprop=\"image\" height=\"500\" width=\"740\" title=\"proyectos-aparatos-Electrocardiografo-Page-Writer-Philips\" onerror=\"this.style.display='none'\">\n\t<h3>Electrocardi\u00f3grafo Page Writer Philips en Espa\u00f1a<\/h3>\n<p>Electrocardi\u00f3grafo PageWriter TCxx Philips en Espa\u00f1a (3.800 equipos).<\/p>\n","protected":false},"excerpt":{"rendered":"","protected":false},"author":1,"featured_media":1782,"parent":0,"menu_order":0,"comment_status":"closed","ping_status":"closed","template":"templates\/no-intro.php","meta":{"_acf_changed":false,"_monsterinsights_skip_tracking":false,"_monsterinsights_sitenote_active":false,"_monsterinsights_sitenote_note":"","_monsterinsights_sitenote_category":0,"footnotes":""},"class_list":["post-1732","page","type-page","status-publish","has-post-thumbnail","hentry","entry"],"acf":[],"yoast_head":"<!-- This site is optimized with the Yoast SEO plugin v26.6 - https:\/\/yoast.com\/wordpress\/plugins\/seo\/ -->\n<title>Casa - Lusago<\/title>\n<meta name=\"robots\" content=\"index, follow, max-snippet:-1, max-image-preview:large, max-video-preview:-1\" \/>\n<link rel=\"canonical\" href=\"https:\/\/lusago.com\/\" \/>\n<meta property=\"og:locale\" content=\"pt_PT\" \/>\n<meta property=\"og:type\" content=\"article\" \/>\n<meta property=\"og:title\" content=\"Casa - Lusago\" \/>\n<meta property=\"og:description\" content=\"A page builder homepage layout ideal to present your personal or business projects portfolio.\" \/>\n<meta property=\"og:url\" content=\"https:\/\/lusago.com\/\" \/>\n<meta property=\"og:site_name\" content=\"Lusago\" \/>\n<meta property=\"article:modified_time\" content=\"2024-09-04T09:07:53+00:00\" \/>\n<meta property=\"og:image\" content=\"https:\/\/lusago.com\/wp-content\/uploads\/2023\/06\/Monitorizacion-de-temperatura.jpg\" \/>\n\t<meta property=\"og:image:width\" content=\"1920\" \/>\n\t<meta property=\"og:image:height\" content=\"1268\" \/>\n\t<meta property=\"og:image:type\" content=\"image\/jpeg\" \/>\n<meta name=\"twitter:card\" content=\"summary_large_image\" \/>\n<meta name=\"twitter:label1\" content=\"Tempo estimado de leitura\" \/>\n\t<meta name=\"twitter:data1\" content=\"1 minuto\" \/>\n<script type=\"application\/ld+json\" class=\"yoast-schema-graph\">{\"@context\":\"https:\/\/schema.org\",\"@graph\":[{\"@type\":\"WebPage\",\"@id\":\"https:\/\/lusago.com\/\",\"url\":\"https:\/\/lusago.com\/\",\"name\":\"Casa - Lusago\",\"isPartOf\":{\"@id\":\"https:\/\/lusago.com\/#website\"},\"primaryImageOfPage\":{\"@id\":\"https:\/\/lusago.com\/#primaryimage\"},\"image\":{\"@id\":\"https:\/\/lusago.com\/#primaryimage\"},\"thumbnailUrl\":\"https:\/\/lusago.com\/wp-content\/uploads\/2023\/06\/Monitorizacion-de-temperatura.jpg\",\"datePublished\":\"2023-06-18T17:17:49+00:00\",\"dateModified\":\"2024-09-04T09:07:53+00:00\",\"breadcrumb\":{\"@id\":\"https:\/\/lusago.com\/#breadcrumb\"},\"inLanguage\":\"pt-PT\",\"potentialAction\":[{\"@type\":\"ReadAction\",\"target\":[\"https:\/\/lusago.com\/\"]}]},{\"@type\":\"ImageObject\",\"inLanguage\":\"pt-PT\",\"@id\":\"https:\/\/lusago.com\/#primaryimage\",\"url\":\"https:\/\/lusago.com\/wp-content\/uploads\/2023\/06\/Monitorizacion-de-temperatura.jpg\",\"contentUrl\":\"https:\/\/lusago.com\/wp-content\/uploads\/2023\/06\/Monitorizacion-de-temperatura.jpg\",\"width\":1920,\"height\":1268,\"caption\":\"Vista lateral de primer plano de un t\u00e9cnico de laboratorio masculino que trabaja en un laboratorio m\u00e9dico de alta tecnolog\u00eda. Est\u00e1 ingresando algunos datos en el analizador de sangre.\"},{\"@type\":\"BreadcrumbList\",\"@id\":\"https:\/\/lusago.com\/#breadcrumb\",\"itemListElement\":[{\"@type\":\"ListItem\",\"position\":1,\"name\":\"Portada\",\"item\":\"https:\/\/lusago.com\/\"},{\"@type\":\"ListItem\",\"position\":2,\"name\":\"Casa\"}]},{\"@type\":\"WebSite\",\"@id\":\"https:\/\/lusago.com\/#website\",\"url\":\"https:\/\/lusago.com\/\",\"name\":\"Lusago\",\"description\":\"Soluciones Electrom\u00e9dicas\",\"publisher\":{\"@id\":\"https:\/\/lusago.com\/#organization\"},\"potentialAction\":[{\"@type\":\"SearchAction\",\"target\":{\"@type\":\"EntryPoint\",\"urlTemplate\":\"https:\/\/lusago.com\/?s={search_term_string}\"},\"query-input\":{\"@type\":\"PropertyValueSpecification\",\"valueRequired\":true,\"valueName\":\"search_term_string\"}}],\"inLanguage\":\"pt-PT\"},{\"@type\":\"Organization\",\"@id\":\"https:\/\/lusago.com\/#organization\",\"name\":\"Lusago\",\"url\":\"https:\/\/lusago.com\/\",\"logo\":{\"@type\":\"ImageObject\",\"inLanguage\":\"pt-PT\",\"@id\":\"https:\/\/lusago.com\/#\/schema\/logo\/image\/\",\"url\":\"https:\/\/lusago.com\/wp-content\/uploads\/2023\/06\/logo-lusago-verde.png\",\"contentUrl\":\"https:\/\/lusago.com\/wp-content\/uploads\/2023\/06\/logo-lusago-verde.png\",\"width\":502,\"height\":175,\"caption\":\"Lusago\"},\"image\":{\"@id\":\"https:\/\/lusago.com\/#\/schema\/logo\/image\/\"}}]}<\/script>\n<!-- \/ Yoast SEO plugin. -->","yoast_head_json":{"title":"Casa - Lusago","robots":{"index":"index","follow":"follow","max-snippet":"max-snippet:-1","max-image-preview":"max-image-preview:large","max-video-preview":"max-video-preview:-1"},"canonical":"https:\/\/lusago.com\/","og_locale":"pt_PT","og_type":"article","og_title":"Casa - Lusago","og_description":"A page builder homepage layout ideal to present your personal or business projects portfolio.","og_url":"https:\/\/lusago.com\/","og_site_name":"Lusago","article_modified_time":"2024-09-04T09:07:53+00:00","og_image":[{"width":1920,"height":1268,"url":"https:\/\/lusago.com\/wp-content\/uploads\/2023\/06\/Monitorizacion-de-temperatura.jpg","type":"image\/jpeg"}],"twitter_card":"summary_large_image","twitter_misc":{"Tempo estimado de leitura":"1 minuto"},"schema":{"@context":"https:\/\/schema.org","@graph":[{"@type":"WebPage","@id":"https:\/\/lusago.com\/","url":"https:\/\/lusago.com\/","name":"Casa - Lusago","isPartOf":{"@id":"https:\/\/lusago.com\/#website"},"primaryImageOfPage":{"@id":"https:\/\/lusago.com\/#primaryimage"},"image":{"@id":"https:\/\/lusago.com\/#primaryimage"},"thumbnailUrl":"https:\/\/lusago.com\/wp-content\/uploads\/2023\/06\/Monitorizacion-de-temperatura.jpg","datePublished":"2023-06-18T17:17:49+00:00","dateModified":"2024-09-04T09:07:53+00:00","breadcrumb":{"@id":"https:\/\/lusago.com\/#breadcrumb"},"inLanguage":"pt-PT","potentialAction":[{"@type":"ReadAction","target":["https:\/\/lusago.com\/"]}]},{"@type":"ImageObject","inLanguage":"pt-PT","@id":"https:\/\/lusago.com\/#primaryimage","url":"https:\/\/lusago.com\/wp-content\/uploads\/2023\/06\/Monitorizacion-de-temperatura.jpg","contentUrl":"https:\/\/lusago.com\/wp-content\/uploads\/2023\/06\/Monitorizacion-de-temperatura.jpg","width":1920,"height":1268,"caption":"Vista lateral de primer plano de un t\u00e9cnico de laboratorio masculino que trabaja en un laboratorio m\u00e9dico de alta tecnolog\u00eda. Est\u00e1 ingresando algunos datos en el analizador de sangre."},{"@type":"BreadcrumbList","@id":"https:\/\/lusago.com\/#breadcrumb","itemListElement":[{"@type":"ListItem","position":1,"name":"Portada","item":"https:\/\/lusago.com\/"},{"@type":"ListItem","position":2,"name":"Casa"}]},{"@type":"WebSite","@id":"https:\/\/lusago.com\/#website","url":"https:\/\/lusago.com\/","name":"Lusago","description":"Soluciones Electrom\u00e9dicas","publisher":{"@id":"https:\/\/lusago.com\/#organization"},"potentialAction":[{"@type":"SearchAction","target":{"@type":"EntryPoint","urlTemplate":"https:\/\/lusago.com\/?s={search_term_string}"},"query-input":{"@type":"PropertyValueSpecification","valueRequired":true,"valueName":"search_term_string"}}],"inLanguage":"pt-PT"},{"@type":"Organization","@id":"https:\/\/lusago.com\/#organization","name":"Lusago","url":"https:\/\/lusago.com\/","logo":{"@type":"ImageObject","inLanguage":"pt-PT","@id":"https:\/\/lusago.com\/#\/schema\/logo\/image\/","url":"https:\/\/lusago.com\/wp-content\/uploads\/2023\/06\/logo-lusago-verde.png","contentUrl":"https:\/\/lusago.com\/wp-content\/uploads\/2023\/06\/logo-lusago-verde.png","width":502,"height":175,"caption":"Lusago"},"image":{"@id":"https:\/\/lusago.com\/#\/schema\/logo\/image\/"}}]}},"_links":{"self":[{"href":"https:\/\/lusago.com\/pt-pt\/wp-json\/wp\/v2\/pages\/1732","targetHints":{"allow":["GET"]}}],"collection":[{"href":"https:\/\/lusago.com\/pt-pt\/wp-json\/wp\/v2\/pages"}],"about":[{"href":"https:\/\/lusago.com\/pt-pt\/wp-json\/wp\/v2\/types\/page"}],"author":[{"embeddable":true,"href":"https:\/\/lusago.com\/pt-pt\/wp-json\/wp\/v2\/users\/1"}],"replies":[{"embeddable":true,"href":"https:\/\/lusago.com\/pt-pt\/wp-json\/wp\/v2\/comments?post=1732"}],"version-history":[{"count":1,"href":"https:\/\/lusago.com\/pt-pt\/wp-json\/wp\/v2\/pages\/1732\/revisions"}],"predecessor-version":[{"id":1779,"href":"https:\/\/lusago.com\/pt-pt\/wp-json\/wp\/v2\/pages\/1732\/revisions\/1779"}],"wp:featuredmedia":[{"embeddable":true,"href":"https:\/\/lusago.com\/pt-pt\/wp-json\/wp\/v2\/media\/1782"}],"wp:attachment":[{"href":"https:\/\/lusago.com\/pt-pt\/wp-json\/wp\/v2\/media?parent=1732"}],"curies":[{"name":"wp","href":"https:\/\/api.w.org\/{rel}","templated":true}]}}