{"id":1753,"date":"2023-06-18T20:49:57","date_gmt":"2023-06-18T20:49:57","guid":{"rendered":"https:\/\/lusago.com\/contacto\/"},"modified":"2024-08-09T09:47:15","modified_gmt":"2024-08-09T09:47:15","slug":"contacto","status":"publish","type":"page","link":"https:\/\/lusago.com\/pt-pt\/contacto\/","title":{"rendered":"Contacto"},"content":{"rendered":"\n\n\t<h1>Contacto<\/h1>\n\t<h2>Estamos onde precisas de n\u00f3s.<\/h2>\n<p>  Prestamos servi\u00e7o em toda a Pen\u00ednsula Ib\u00e9rica. Dispomos de t\u00e9cnicos nas nossas sedes nas Ast\u00farias, Madrid e Lisboa e podemos prestar um servi\u00e7o r\u00e1pido e de qualidade em qualquer ponto de Espanha e Portugal.  <\/p>\nEnvia-nos um e-mail para <a href=\"mailto:info@lusagotic.com\"><strong>info@lusago.com<\/strong><\/a>\nLiga-nos para <a href=\"tel:+34984097972\"><strong>+34 984 09 79 72<\/strong><\/a>\n\t\t\t\t<img decoding=\"async\" src=\"https:\/\/lusago.com\/wp-content\/uploads\/2023\/06\/contacto-mapa-spain-circulos.png\" alt=\"contacto-mapa-spain-circulos.png\" itemprop=\"image\" title=\"contacto-mapa-spain-circulos.png\" onerror=\"this.style.display='none'\"  \/>\n<h2>\n\t\tVisita-nos em\n\t<\/h2>\n\t<h3>Asturias<\/h3>\n<p>Calle Secundino Roces Riera 1, planta 2, o\ufb01cina 7.<\/p>\n<p>Pol. Ind. Asipo, 33428 Llanera. Asturias<\/p>\n\t<h3>Madrid<\/h3>\n<p>ESPA\u00c7OS Campo de las Naciones<\/p>\n<p>C. V\u00eda de los Poblados 1, edi\ufb01cio E, planta 3 28033 Madrid<\/p>\n\t<h3>Lisboa<\/h3>\n<p>REGUS OEIRAS &#8211; Lagoas Park<\/p>\n<p>Edif\u00edcio 7, 1\u00ba andar Sul, 2740-244 Porto Salvo, Portugal<\/p>\n\t<h2>Ou preenche este formul\u00e1rio<\/h2>\n\t<style id=\"wpforms-css-vars-1230\">\n\t\t\t\t#wpforms-1230 {\n\t\t\t\t--wpforms-container-padding: 0px;\n--wpforms-container-border-width: 1px;\n--wpforms-container-border-radius: 3px;\n--wpforms-background-color: rgba(0, 0, 0, 0);\n--wpforms-field-size-input-height: 43px;\n--wpforms-field-size-input-spacing: 15px;\n--wpforms-field-size-font-size: 16px;\n--wpforms-field-size-line-height: 19px;\n--wpforms-field-size-padding-h: 14px;\n--wpforms-field-size-checkbox-size: 16px;\n--wpforms-field-size-sublabel-spacing: 5px;\n--wpforms-field-size-icon-size: 1;\n--wpforms-label-size-font-size: 16px;\n--wpforms-label-size-line-height: 19px;\n--wpforms-label-size-sublabel-font-size: 14px;\n--wpforms-label-size-sublabel-line-height: 17px;\n--wpforms-button-size-font-size: 17px;\n--wpforms-button-size-height: 41px;\n--wpforms-button-size-padding-h: 15px;\n--wpforms-button-size-margin-top: 10px;\n--wpforms-container-shadow-size-box-shadow: none;\n\t\t\t}\n\t\t\t<\/style><div class=\"wpforms-container wpforms-container-full wpforms-render-modern\" id=\"wpforms-1230\"><form id=\"wpforms-form-1230\" class=\"wpforms-validate wpforms-form wpforms-ajax-form\" data-formid=\"1230\" method=\"post\" enctype=\"multipart\/form-data\" action=\"\/pt-pt\/wp-json\/wp\/v2\/pages\/1753\" data-token=\"6f6962d52f317424fbd987827e5a8226\" data-token-time=\"1777638471\"><noscript class=\"wpforms-error-noscript\">Please enable JavaScript in your browser to complete this form.<\/noscript><div id=\"wpforms-error-noscript\" style=\"display: none;\">Please enable JavaScript in your browser to complete this form.<\/div><div class=\"wpforms-field-container\"><div id=\"wpforms-1230-field_0-container\" class=\"wpforms-field wpforms-field-name\" data-field-id=\"0\"><fieldset><legend class=\"wpforms-field-label\">Nombre <span class=\"wpforms-required-label\" aria-hidden=\"true\">*<\/span><\/legend><div class=\"wpforms-field-row wpforms-field-large\"><div class=\"wpforms-field-row-block wpforms-first wpforms-one-half\"><input type=\"text\" id=\"wpforms-1230-field_0\" class=\"wpforms-field-name-first wpforms-field-required\" name=\"wpforms[fields][0][first]\" placeholder=\"Nombre\" aria-errormessage=\"wpforms-1230-field_0-error\" required><label for=\"wpforms-1230-field_0\" class=\"wpforms-field-sublabel after\">First<\/label><\/div><div class=\"wpforms-field-row-block wpforms-one-half\"><input type=\"text\" id=\"wpforms-1230-field_0-last\" class=\"wpforms-field-name-last wpforms-field-required\" name=\"wpforms[fields][0][last]\" placeholder=\"Apellidos\" aria-errormessage=\"wpforms-1230-field_0-last-error\" required><label for=\"wpforms-1230-field_0-last\" class=\"wpforms-field-sublabel after\">Last<\/label><\/div><\/div><\/fieldset><\/div>\t\t<div id=\"wpforms-1230-field_4-container\"\n\t\t\tclass=\"wpforms-field wpforms-field-text\"\n\t\t\tdata-field-type=\"text\"\n\t\t\tdata-field-id=\"4\"\n\t\t\t>\n\t\t\t<label class=\"wpforms-field-label\" for=\"wpforms-1230-field_4\" >Comentario electr\u00f3nico verificaci\u00f3n<\/label>\n\t\t\t<input type=\"text\" id=\"wpforms-1230-field_4\" class=\"wpforms-field-medium\" name=\"wpforms[fields][4]\" >\n\t\t<\/div>\n\t\t<div id=\"wpforms-1230-field_1-container\" class=\"wpforms-field wpforms-field-email\" data-field-id=\"1\"><label class=\"wpforms-field-label\" for=\"wpforms-1230-field_1\">Correo electr\u00f3nico <span class=\"wpforms-required-label\" aria-hidden=\"true\">*<\/span><\/label><input type=\"email\" id=\"wpforms-1230-field_1\" class=\"wpforms-field-large wpforms-field-required\" name=\"wpforms[fields][1]\" placeholder=\"Correo\" spellcheck=\"false\" aria-errormessage=\"wpforms-1230-field_1-error\" required><\/div><div id=\"wpforms-1230-field_2-container\" class=\"wpforms-field wpforms-field-textarea\" data-field-id=\"2\"><label class=\"wpforms-field-label\" for=\"wpforms-1230-field_2\">Comentario o mensaje <span class=\"wpforms-required-label\" aria-hidden=\"true\">*<\/span><\/label><textarea id=\"wpforms-1230-field_2\" class=\"wpforms-field-medium wpforms-field-required\" name=\"wpforms[fields][2]\" placeholder=\"Escribe aqu\u00ed tu comentario o mensaje...\" aria-errormessage=\"wpforms-1230-field_2-error\" required><\/textarea><\/div><div id=\"wpforms-1230-field_3-container\" class=\"wpforms-field wpforms-field-checkbox\" data-field-id=\"3\"><fieldset><legend class=\"wpforms-field-label\">Casillas de verificaci\u00f3n <span class=\"wpforms-required-label\" aria-hidden=\"true\">*<\/span><\/legend><ul id=\"wpforms-1230-field_3\" class=\"wpforms-field-required\"><li class=\"choice-1 depth-1\"><input type=\"checkbox\" id=\"wpforms-1230-field_3_1\" name=\"wpforms[fields][3][]\" value=\"He le\u00eddo y acepto la Pol\u00edtica de privacidad y el Aviso Legal de esta web.\" aria-errormessage=\"wpforms-1230-field_3_1-error\" required ><label class=\"wpforms-field-label-inline\" for=\"wpforms-1230-field_3_1\">He le\u00eddo y acepto la Pol\u00edtica de privacidad y el Aviso Legal de esta web.<\/label><\/li><\/ul><\/fieldset><\/div><script>\n\t\t\t\t( function() {\n\t\t\t\t\tconst style = document.createElement( 'style' );\n\t\t\t\t\tstyle.appendChild( document.createTextNode( '#wpforms-1230-field_4-container { position: absolute !important; overflow: hidden !important; display: inline !important; height: 1px !important; width: 1px !important; z-index: -1000 !important; padding: 0 !important; } #wpforms-1230-field_4-container input { visibility: hidden; } #wpforms-conversational-form-page #wpforms-1230-field_4-container label { counter-increment: none; }' ) );\n\t\t\t\t\tdocument.head.appendChild( style );\n\t\t\t\t\tdocument.currentScript?.remove();\n\t\t\t\t} )();\n\t\t\t<\/script><\/div><!-- .wpforms-field-container --><div class=\"wpforms-recaptcha-container wpforms-is-turnstile\" ><div class=\"cf-turnstile\" data-sitekey=\"0x4AAAAAAAHNYCHJs1vBNqrR\" data-action=\"FormID-1230\"><\/div><input type=\"text\" name=\"g-recaptcha-hidden\" class=\"wpforms-recaptcha-hidden\" style=\"position:absolute!important;clip:rect(0,0,0,0)!important;height:1px!important;width:1px!important;border:0!important;overflow:hidden!important;padding:0!important;margin:0!important;\" data-rule-turnstile=\"1\"><\/div><div class=\"wpforms-submit-container\" ><input type=\"hidden\" name=\"wpforms[id]\" value=\"1230\"><input type=\"hidden\" name=\"page_title\" value=\"\"><input type=\"hidden\" name=\"page_url\" value=\"https:\/\/lusago.com\/pt-pt\/wp-json\/wp\/v2\/pages\/1753\"><input type=\"hidden\" name=\"url_referer\" value=\"\"><button type=\"submit\" name=\"wpforms[submit]\" id=\"wpforms-submit-1230\" class=\"wpforms-submit\" data-alt-text=\"Enviando...\" data-submit-text=\"Enviar\" aria-live=\"assertive\" value=\"wpforms-submit\">Enviar<\/button><img loading=\"lazy\" decoding=\"async\" src=\"https:\/\/lusago.com\/wp-content\/plugins\/wpforms-lite\/assets\/images\/submit-spin.svg\" class=\"wpforms-submit-spinner\" style=\"display: none;\" width=\"26\" height=\"26\" alt=\"Loading\"><\/div><\/form><\/div>  <!-- .wpforms-container -->\n\n","protected":false},"excerpt":{"rendered":"<div class=\"entry-summary\">\n<div class=\"entry-summary\">\nContacto Estamos onde precisas de n\u00f3s. Prestamos servi\u00e7o em toda a Pen\u00ednsula Ib\u00e9rica. Dispomos de t\u00e9cnicos nas nossas sedes nas Ast\u00farias, Madrid e Lisboa e podemos prestar um servi\u00e7o r\u00e1pido e de qualidade em qualquer ponto de Espanha e Portugal.&hellip;\n<\/div>\n<div class=\"link-more\"><a href=\"https:\/\/lusago.com\/pt-pt\/contacto\/\" class=\"more-link\">Continue reading<span class=\"screen-reader-text\"> &ldquo;Contacto&rdquo;<\/span>&hellip;<\/a><\/div>\n<\/div>\n<div class=\"link-more\"><a href=\"https:\/\/lusago.com\/pt-pt\/contacto\/\" class=\"more-link\">Continue reading<span class=\"screen-reader-text\"> &ldquo;Contacto&rdquo;<\/span>&hellip;<\/a><\/div>\n","protected":false},"author":1,"featured_media":0,"parent":0,"menu_order":0,"comment_status":"closed","ping_status":"closed","template":"templates\/no-intro.php","meta":{"_acf_changed":false,"_monsterinsights_skip_tracking":false,"_monsterinsights_sitenote_active":false,"_monsterinsights_sitenote_note":"","_monsterinsights_sitenote_category":0,"footnotes":""},"class_list":["post-1753","page","type-page","status-publish","hentry","entry"],"acf":[],"yoast_head":"<!-- This site is optimized with the Yoast SEO plugin v26.6 - https:\/\/yoast.com\/wordpress\/plugins\/seo\/ -->\n<title>Contacto - Lusago<\/title>\n<meta name=\"robots\" content=\"index, follow, max-snippet:-1, max-image-preview:large, max-video-preview:-1\" \/>\n<link rel=\"canonical\" href=\"https:\/\/lusago.com\/contacto\/\" \/>\n<meta property=\"og:locale\" content=\"pt_PT\" \/>\n<meta property=\"og:type\" content=\"article\" \/>\n<meta property=\"og:title\" content=\"Contacto - Lusago\" \/>\n<meta property=\"og:description\" content=\"Contacto Estamos onde precisas de n\u00f3s. Prestamos servi\u00e7o em toda a Pen\u00ednsula Ib\u00e9rica. Dispomos de t\u00e9cnicos nas nossas sedes nas Ast\u00farias, Madrid e Lisboa e podemos prestar um servi\u00e7o r\u00e1pido e de qualidade em qualquer ponto de Espanha e Portugal.&hellip; Continue reading &ldquo;Contacto&rdquo;&hellip;\" \/>\n<meta property=\"og:url\" content=\"https:\/\/lusago.com\/contacto\/\" \/>\n<meta property=\"og:site_name\" content=\"Lusago\" \/>\n<meta property=\"article:modified_time\" content=\"2024-08-09T09:47:15+00:00\" \/>\n<meta property=\"og:image\" content=\"https:\/\/lusago.com\/wp-content\/uploads\/2023\/06\/contacto-mapa-spain-circulos.png\" \/>\n<meta name=\"twitter:card\" content=\"summary_large_image\" \/>\n<meta name=\"twitter:label1\" content=\"Tempo estimado de leitura\" \/>\n\t<meta name=\"twitter:data1\" content=\"1 minuto\" \/>\n<script type=\"application\/ld+json\" class=\"yoast-schema-graph\">{\"@context\":\"https:\/\/schema.org\",\"@graph\":[{\"@type\":\"WebPage\",\"@id\":\"https:\/\/lusago.com\/contacto\/\",\"url\":\"https:\/\/lusago.com\/contacto\/\",\"name\":\"Contacto - Lusago\",\"isPartOf\":{\"@id\":\"https:\/\/lusago.com\/#website\"},\"primaryImageOfPage\":{\"@id\":\"https:\/\/lusago.com\/contacto\/#primaryimage\"},\"image\":{\"@id\":\"https:\/\/lusago.com\/contacto\/#primaryimage\"},\"thumbnailUrl\":\"https:\/\/lusago.com\/wp-content\/uploads\/2023\/06\/contacto-mapa-spain-circulos.png\",\"datePublished\":\"2023-06-18T20:49:57+00:00\",\"dateModified\":\"2024-08-09T09:47:15+00:00\",\"breadcrumb\":{\"@id\":\"https:\/\/lusago.com\/contacto\/#breadcrumb\"},\"inLanguage\":\"pt-PT\",\"potentialAction\":[{\"@type\":\"ReadAction\",\"target\":[\"https:\/\/lusago.com\/contacto\/\"]}]},{\"@type\":\"ImageObject\",\"inLanguage\":\"pt-PT\",\"@id\":\"https:\/\/lusago.com\/contacto\/#primaryimage\",\"url\":\"https:\/\/lusago.com\/wp-content\/uploads\/2023\/06\/contacto-mapa-spain-circulos.png\",\"contentUrl\":\"https:\/\/lusago.com\/wp-content\/uploads\/2023\/06\/contacto-mapa-spain-circulos.png\"},{\"@type\":\"BreadcrumbList\",\"@id\":\"https:\/\/lusago.com\/contacto\/#breadcrumb\",\"itemListElement\":[{\"@type\":\"ListItem\",\"position\":1,\"name\":\"Portada\",\"item\":\"https:\/\/lusago.com\/\"},{\"@type\":\"ListItem\",\"position\":2,\"name\":\"Contacto\"}]},{\"@type\":\"WebSite\",\"@id\":\"https:\/\/lusago.com\/#website\",\"url\":\"https:\/\/lusago.com\/\",\"name\":\"Lusago\",\"description\":\"Soluciones Electrom\u00e9dicas\",\"publisher\":{\"@id\":\"https:\/\/lusago.com\/#organization\"},\"potentialAction\":[{\"@type\":\"SearchAction\",\"target\":{\"@type\":\"EntryPoint\",\"urlTemplate\":\"https:\/\/lusago.com\/?s={search_term_string}\"},\"query-input\":{\"@type\":\"PropertyValueSpecification\",\"valueRequired\":true,\"valueName\":\"search_term_string\"}}],\"inLanguage\":\"pt-PT\"},{\"@type\":\"Organization\",\"@id\":\"https:\/\/lusago.com\/#organization\",\"name\":\"Lusago\",\"url\":\"https:\/\/lusago.com\/\",\"logo\":{\"@type\":\"ImageObject\",\"inLanguage\":\"pt-PT\",\"@id\":\"https:\/\/lusago.com\/#\/schema\/logo\/image\/\",\"url\":\"https:\/\/lusago.com\/wp-content\/uploads\/2023\/06\/logo-lusago-verde.png\",\"contentUrl\":\"https:\/\/lusago.com\/wp-content\/uploads\/2023\/06\/logo-lusago-verde.png\",\"width\":502,\"height\":175,\"caption\":\"Lusago\"},\"image\":{\"@id\":\"https:\/\/lusago.com\/#\/schema\/logo\/image\/\"}}]}<\/script>\n<!-- \/ Yoast SEO plugin. -->","yoast_head_json":{"title":"Contacto - Lusago","robots":{"index":"index","follow":"follow","max-snippet":"max-snippet:-1","max-image-preview":"max-image-preview:large","max-video-preview":"max-video-preview:-1"},"canonical":"https:\/\/lusago.com\/contacto\/","og_locale":"pt_PT","og_type":"article","og_title":"Contacto - Lusago","og_description":"Contacto Estamos onde precisas de n\u00f3s. Prestamos servi\u00e7o em toda a Pen\u00ednsula Ib\u00e9rica. Dispomos de t\u00e9cnicos nas nossas sedes nas Ast\u00farias, Madrid e Lisboa e podemos prestar um servi\u00e7o r\u00e1pido e de qualidade em qualquer ponto de Espanha e Portugal.&hellip; Continue reading &ldquo;Contacto&rdquo;&hellip;","og_url":"https:\/\/lusago.com\/contacto\/","og_site_name":"Lusago","article_modified_time":"2024-08-09T09:47:15+00:00","og_image":[{"url":"https:\/\/lusago.com\/wp-content\/uploads\/2023\/06\/contacto-mapa-spain-circulos.png","type":"","width":"","height":""}],"twitter_card":"summary_large_image","twitter_misc":{"Tempo estimado de leitura":"1 minuto"},"schema":{"@context":"https:\/\/schema.org","@graph":[{"@type":"WebPage","@id":"https:\/\/lusago.com\/contacto\/","url":"https:\/\/lusago.com\/contacto\/","name":"Contacto - Lusago","isPartOf":{"@id":"https:\/\/lusago.com\/#website"},"primaryImageOfPage":{"@id":"https:\/\/lusago.com\/contacto\/#primaryimage"},"image":{"@id":"https:\/\/lusago.com\/contacto\/#primaryimage"},"thumbnailUrl":"https:\/\/lusago.com\/wp-content\/uploads\/2023\/06\/contacto-mapa-spain-circulos.png","datePublished":"2023-06-18T20:49:57+00:00","dateModified":"2024-08-09T09:47:15+00:00","breadcrumb":{"@id":"https:\/\/lusago.com\/contacto\/#breadcrumb"},"inLanguage":"pt-PT","potentialAction":[{"@type":"ReadAction","target":["https:\/\/lusago.com\/contacto\/"]}]},{"@type":"ImageObject","inLanguage":"pt-PT","@id":"https:\/\/lusago.com\/contacto\/#primaryimage","url":"https:\/\/lusago.com\/wp-content\/uploads\/2023\/06\/contacto-mapa-spain-circulos.png","contentUrl":"https:\/\/lusago.com\/wp-content\/uploads\/2023\/06\/contacto-mapa-spain-circulos.png"},{"@type":"BreadcrumbList","@id":"https:\/\/lusago.com\/contacto\/#breadcrumb","itemListElement":[{"@type":"ListItem","position":1,"name":"Portada","item":"https:\/\/lusago.com\/"},{"@type":"ListItem","position":2,"name":"Contacto"}]},{"@type":"WebSite","@id":"https:\/\/lusago.com\/#website","url":"https:\/\/lusago.com\/","name":"Lusago","description":"Soluciones Electrom\u00e9dicas","publisher":{"@id":"https:\/\/lusago.com\/#organization"},"potentialAction":[{"@type":"SearchAction","target":{"@type":"EntryPoint","urlTemplate":"https:\/\/lusago.com\/?s={search_term_string}"},"query-input":{"@type":"PropertyValueSpecification","valueRequired":true,"valueName":"search_term_string"}}],"inLanguage":"pt-PT"},{"@type":"Organization","@id":"https:\/\/lusago.com\/#organization","name":"Lusago","url":"https:\/\/lusago.com\/","logo":{"@type":"ImageObject","inLanguage":"pt-PT","@id":"https:\/\/lusago.com\/#\/schema\/logo\/image\/","url":"https:\/\/lusago.com\/wp-content\/uploads\/2023\/06\/logo-lusago-verde.png","contentUrl":"https:\/\/lusago.com\/wp-content\/uploads\/2023\/06\/logo-lusago-verde.png","width":502,"height":175,"caption":"Lusago"},"image":{"@id":"https:\/\/lusago.com\/#\/schema\/logo\/image\/"}}]}},"_links":{"self":[{"href":"https:\/\/lusago.com\/pt-pt\/wp-json\/wp\/v2\/pages\/1753","targetHints":{"allow":["GET"]}}],"collection":[{"href":"https:\/\/lusago.com\/pt-pt\/wp-json\/wp\/v2\/pages"}],"about":[{"href":"https:\/\/lusago.com\/pt-pt\/wp-json\/wp\/v2\/types\/page"}],"author":[{"embeddable":true,"href":"https:\/\/lusago.com\/pt-pt\/wp-json\/wp\/v2\/users\/1"}],"replies":[{"embeddable":true,"href":"https:\/\/lusago.com\/pt-pt\/wp-json\/wp\/v2\/comments?post=1753"}],"version-history":[{"count":2,"href":"https:\/\/lusago.com\/pt-pt\/wp-json\/wp\/v2\/pages\/1753\/revisions"}],"predecessor-version":[{"id":1763,"href":"https:\/\/lusago.com\/pt-pt\/wp-json\/wp\/v2\/pages\/1753\/revisions\/1763"}],"wp:attachment":[{"href":"https:\/\/lusago.com\/pt-pt\/wp-json\/wp\/v2\/media?parent=1753"}],"curies":[{"name":"wp","href":"https:\/\/api.w.org\/{rel}","templated":true}]}}